{"id":1167,"date":"2026-04-22T00:53:08","date_gmt":"2026-04-21T21:53:08","guid":{"rendered":"https:\/\/konstrakt.bold-themes.com\/orange\/?page_id=1167"},"modified":"2026-04-22T00:53:47","modified_gmt":"2026-04-21T21:53:47","slug":"cerez-politikasi","status":"publish","type":"page","link":"https:\/\/www.hakanuslu.com.tr\/beta\/cerez-politikasi\/","title":{"rendered":"\u00c7erez Politikas\u0131"},"content":{"rendered":"<section data-bb-version=\"5.7.2\" id=\"bt_bb_section69fb13cb9b53a\" class=\"bt_bb_section bt_bb_layout_boxed_1400 bt_bb_vertical_align_top bt_bb_top_spacing_large bt_bb_bottom_spacing_large bt_bb_negative_margin_none\"  data-bt-override-class=\"{&quot;bt_bb_top_spacing_&quot;:{&quot;current_class&quot;:&quot;bt_bb_top_spacing_large&quot;,&quot;def&quot;:&quot;large&quot;},&quot;bt_bb_bottom_spacing_&quot;:{&quot;current_class&quot;:&quot;bt_bb_bottom_spacing_large&quot;,&quot;def&quot;:&quot;large&quot;},&quot;bt_bb_negative_margin_&quot;:{&quot;current_class&quot;:&quot;bt_bb_negative_margin_none&quot;,&quot;def&quot;:&quot;none&quot;},&quot;bt_bb_animation_&quot;:{&quot;current_class&quot;:&quot;bt_bb_animation_no_animation&quot;,&quot;def&quot;:&quot;no_animation&quot;}}\"><div class=\"bt_bb_port\"><div class=\"bt_bb_cell\"><div class=\"bt_bb_cell_inner\"><div class=\"bt_bb_row \"  data-bt-override-class=\"{}\"><div class=\"bt_bb_row_holder\" ><div data-bb-version=\"5.7.2\"  class=\"bt_bb_column col-xxl-12 col-xl-12 col-xs-12 col-sm-12 col-md-12 col-lg-12 bt_bb_vertical_align_top bt_bb_align_left bt_bb_padding_normal\" style=\"; --column-width:12;\" data-width=\"12\" data-bt-override-class=\"{}\"><div class=\"bt_bb_column_content\"><div class=\"bt_bb_column_content_inner\"><div data-bb-version=\"5.7.2\"  class=\"bt_bb_text\" ><\/p>\n<header class=\"entry-header\">\n<header>CROCIST OTOMAT\u0130K KAPI KEPENK PANJUR S\u0130STEMLER\u0130 SAN. VE T\u0130C.LTD.\u015eT\u0130.\u00a0 olarak internet sitelerimizden en verimli \u015fekilde faydalanabilmeniz ve kullan\u0131c\u0131 deneyiminizi geli\u015ftirebilmek i\u00e7in \u00e7erezler kullanmaktay\u0131z. \u00c7erez kullan\u0131lmas\u0131n\u0131 tercih etmezseniz taray\u0131c\u0131n\u0131z\u0131n ayarlar\u0131ndan veya a\u015fa\u011f\u0131daki detayl\u0131 \u00e7erez kald\u0131r\u0131m a\u00e7\u0131klamas\u0131ndan \u00e7erezleri silebilir ya da engelleyebilirsiniz.<\/header>\n<header><\/header>\n<\/header>\n<header class=\"entry-header\">\n<header>Ancak bunun internet sitelerimizin kullan\u0131m\u0131n\u0131z\u0131 etkileyebilece\u011fini hat\u0131rlatmak isteriz. Taray\u0131c\u0131n\u0131zdan \u00e7erez ayarlar\u0131n\u0131z\u0131 de\u011fi\u015ftirmedi\u011finiz s\u00fcrece internet sitelerimizde \u00e7erez kullan\u0131m\u0131n\u0131 kabul etti\u011finizi varsayaca\u011f\u0131z. Toplanan verilerle ilgili d\u00fczenlemelere internet sitelerimizde yer alan Ayd\u0131nlatma Metninden ula\u015fabilirsiniz.<\/header>\n<header><\/header>\n<header>\u00c7erezlerimiz, internet sitelerimizi kullanman\u0131z s\u0131ras\u0131nda size ki\u015fiselle\u015ftirilmi\u015f bir deneyim sunmak, hizmetlerimizi geli\u015ftirmek ve deneyiminizi iyile\u015ftirmek i\u00e7in kullan\u0131l\u0131r.<\/header>\n<header>\u00c7erezler kullan\u0131m ama\u00e7 ve \u015fekillerine g\u00f6re farkl\u0131 ba\u015fl\u0131klarda de\u011ferlendirilebilirler. Bu ba\u015fl\u0131klardan baz\u0131lar\u0131 a\u015fa\u011f\u0131da a\u00e7\u0131klanm\u0131\u015ft\u0131r;<\/header>\n<header><strong>Oturum \u00e7erezleri:<\/strong>\u00a0Ge\u00e7ici \u00e7erezlerdir, taray\u0131c\u0131n\u0131z\u0131 kapatt\u0131\u011f\u0131n\u0131zda silinirler, yani kal\u0131c\u0131 de\u011fillerdir. Sitelerimizin ve sizin, ziyaretinizde g\u00fcvenli\u011fini, s\u00fcreklili\u011fini sa\u011flamak gibi ama\u00e7larla kullan\u0131l\u0131rlar.<\/header>\n<header><strong>Kal\u0131c\u0131 \u00e7erezler:<\/strong>\u00a0Sizin bir hareketinizle ya da \u00e7erezin i\u00e7erisindeki s\u00fcre aral\u0131\u011f\u0131 sona erene kadar taray\u0131c\u0131n\u0131z\u0131n alt klas\u00f6rlerinde tutulurlar. Bu \u00e7erezler sizin bilgilerinizi ve se\u00e7imlerinizi bir<br \/>sonraki ziyaretinizde internet sitemizin hat\u0131rlamas\u0131na yard\u0131mc\u0131 olurlar.<\/header>\n<header><strong>Birinci ve \u00fc\u00e7\u00fcnc\u00fc ki\u015fi \u00e7erezler:<\/strong>\u00a0Birinci ki\u015fi \u00e7erezler sitemiz taraf\u0131ndan kullan\u0131lan \u00e7erezlerdir. \u00dc\u00e7\u00fcnc\u00fc ki\u015fi \u00e7erezler ise sitemiz haricinde bilgisayar\u0131n\u0131za kurulan \u00e7erezlerdir.<\/header>\n<header><strong>Zorunlu \u00e7erezler:<\/strong> https:\/\/www.crocist.com\/ internet sitelerinin d\u00fczg\u00fcn \u015fekilde \u00e7al\u0131\u015fabilmesi i\u00e7in, \u00f6zelliklerinin d\u00fczg\u00fcn \u015fekilde sunulabilmesi amac\u0131yla kurulan anonim nitelikte \u00e7erezlerdir.<\/header>\n<header><strong>\u0130\u015flevsel ve analitik \u00e7erezler:<\/strong>\u00a0Tercihlerinizin hat\u0131rlanmas\u0131 ve gezinme deneyiminizi geli\u015ftirmemize yarayan i\u015flevsel \u00e7erezler ve hangi sayfalar\u0131m\u0131z\u0131n daha fazla ilgi \u00e7ekti\u011fini, hangi kaynaklar\u0131n daha \u00e7ok g\u00f6r\u00fcnt\u00fclendi\u011fini g\u00f6rmemize yarayan, sitelerimizdeki trafi\u011fi g\u00f6rerek bu trafi\u011fe uygun hizmet sa\u011flamam\u0131z\u0131 sa\u011flayan analitik \u00e7erezler kullan\u0131lmaktad\u0131r. Bu nitelikte \u00e7erezler de anonimdir.<\/header>\n<header><\/header>\n<header>CROCIST OTOMAT\u0130K KAPI KEPENK PANJUR S\u0130STEMLER\u0130 SAN. VE T\u0130C.LTD.\u015eT\u0130.\u00a0\u2019nin, internet sitesi ve\/veya sitelerinde veya mobil web de oturum \u00e7erezleri, zorunlu \u00e7erezler, kal\u0131c\u0131 \u00e7erezler ile \u00e7erezleri kullanmaktad\u0131r.<\/header>\n<header><strong>Sitelerimizin kulland\u0131\u011f\u0131 zorunlu ve birinci parti olanlar haricinde kullan\u0131lan \u00e7erezler \u015funlard\u0131r:\u00a0<\/strong>Kullan\u0131c\u0131 internet taray\u0131c\u0131lar\u0131n\u0131n \u201cyard\u0131m\u201d dosyas\u0131nda verilen talimatlar\u0131 izleyerek veya \u201d www.allaboutcookies.org \u201d veya \u201cwww.youronlinechoices.eu \u201d adresini ziyaret ederek kal\u0131c\u0131 \u00e7erezleri kald\u0131rabilir ve hem oturum \u00e7erezlerini hem de kal\u0131c\u0131 \u00e7erezleri reddedebilir.<\/header>\n<\/header>\n<header class=\"entry-header\">\n<header>Kullan\u0131c\u0131 kal\u0131c\u0131 \u00e7erezleri veya oturum \u00e7erezlerini reddetmesi halinde, s\u00f6z konusu web sitesini, veya mobil webi kullanmaya devam edebilir, fakat s\u00f6z konusu mecralar\u0131n t\u00fcm i\u015flevlerine eri\u015femeyebilir veya eri\u015fimi s\u0131n\u0131rl\u0131 olabilir.<\/header>\n<\/header>\n<p>\n<\/div><\/div><\/div><\/div><\/div><\/div><div data-bb-version=\"5.7.2\" class=\"bt_bb_row \"  data-bt-override-class=\"{}\"><div class=\"bt_bb_row_holder\" ><div data-bb-version=\"5.7.2\"  class=\"bt_bb_column col-xxl-12 col-xl-12 col-xs-12 col-sm-12 col-md-12 col-lg-12 bt_bb_vertical_align_top bt_bb_align_left bt_bb_padding_normal\" style=\"; --column-width:12;\" data-width=\"12\" data-bt-override-class=\"{}\"><div class=\"bt_bb_column_content\"><div class=\"bt_bb_column_content_inner\"><\/div><\/div><\/div><\/div><\/div><\/div><!-- cell_inner --><\/div><!-- cell --><\/div><!-- port --><\/section>\n","protected":false},"excerpt":{"rendered":"","protected":false},"author":1,"featured_media":0,"parent":0,"menu_order":0,"comment_status":"closed","ping_status":"closed","template":"","meta":{"footnotes":""},"class_list":["post-1167","page","type-page","status-publish","hentry"],"_links":{"self":[{"href":"https:\/\/www.hakanuslu.com.tr\/beta\/wp-json\/wp\/v2\/pages\/1167","targetHints":{"allow":["GET"]}}],"collection":[{"href":"https:\/\/www.hakanuslu.com.tr\/beta\/wp-json\/wp\/v2\/pages"}],"about":[{"href":"https:\/\/www.hakanuslu.com.tr\/beta\/wp-json\/wp\/v2\/types\/page"}],"author":[{"embeddable":true,"href":"https:\/\/www.hakanuslu.com.tr\/beta\/wp-json\/wp\/v2\/users\/1"}],"replies":[{"embeddable":true,"href":"https:\/\/www.hakanuslu.com.tr\/beta\/wp-json\/wp\/v2\/comments?post=1167"}],"version-history":[{"count":2,"href":"https:\/\/www.hakanuslu.com.tr\/beta\/wp-json\/wp\/v2\/pages\/1167\/revisions"}],"predecessor-version":[{"id":2283,"href":"https:\/\/www.hakanuslu.com.tr\/beta\/wp-json\/wp\/v2\/pages\/1167\/revisions\/2283"}],"wp:attachment":[{"href":"https:\/\/www.hakanuslu.com.tr\/beta\/wp-json\/wp\/v2\/media?parent=1167"}],"curies":[{"name":"wp","href":"https:\/\/api.w.org\/{rel}","templated":true}]}}