{"id":127,"date":"2020-08-31T11:20:54","date_gmt":"2020-08-31T11:20:54","guid":{"rendered":"http:\/\/konstrukt.bold-themes.com\/main-demo\/?page_id=127"},"modified":"2026-04-15T03:12:48","modified_gmt":"2026-04-15T00:12:48","slug":"ceo-mesaji","status":"publish","type":"page","link":"https:\/\/www.hakanuslu.com.tr\/beta\/ceo-mesaji\/","title":{"rendered":"CEO Mesaj\u0131"},"content":{"rendered":"<p><section id=\"bt_bb_section69fb1ff7df08c\" class=\"bt_bb_section bt_bb_layout_wide bt_bb_vertical_align_top bt_bb_bottom_section_coverage_image bt_bb_section_with_bottom_coverage_image bt_bb_top_spacing_100 bt_bb_bottom_spacing_100 bt_bb_section_allow_content_outside\" style=\";background-color:#f5f5f5;\" data-bt-override-class=\"null\"><div class=\"bt_bb_port\"><div class=\"bt_bb_cell\"><div class=\"bt_bb_cell_inner\"><div data-bb-version=\"5.7.0\" class=\"bt_bb_row bt_bb_row_push_right bt_bb_content_wide bt_bb_row_width_boxed_1400 bt_bb_row_width_boxed \"  data-bt-override-class=\"{&quot;bt_bb_animation_&quot;:{&quot;current_class&quot;:&quot;bt_bb_animation_no_animation&quot;,&quot;def&quot;:&quot;no_animation&quot;}}\"><div class=\"bt_bb_row_holder\" ><div  class=\"bt_bb_column col-xxl-7 col-xl-7 bt_bb_vertical_align_middle bt_bb_align_left bt_bb_padding_double bt_bb_animation_fade_in animate\" style=\"; --column-width:7;\" data-width=\"7\" data-bt-override-class=\"{}\"><div class=\"bt_bb_column_content\"><div class=\"bt_bb_column_content_inner\"><div data-bb-version=\"5.7.0\" class=\"bt_bb_separator bt_bb_border_style_none bt_bb_top_spacing_extra_small bt_bb_bottom_spacing_normal bt_bb_hidden_md bt_bb_hidden_lg bt_bb_hidden_xl\" data-bt-override-class=\"{&quot;bt_bb_top_spacing_&quot;:{&quot;current_class&quot;:&quot;bt_bb_top_spacing_extra_small&quot;,&quot;def&quot;:&quot;extra_small&quot;},&quot;bt_bb_bottom_spacing_&quot;:{&quot;current_class&quot;:&quot;bt_bb_bottom_spacing_normal&quot;,&quot;def&quot;:&quot;normal&quot;}}\"><\/div><div class=\"bt_bb_separator bt_bb_border_style_none bt_bb_bottom_spacing_35\" data-bt-override-class=\"null\"><\/div><div  class=\"bt_bb_text\" ><\/p>\n<p data-path-to-node=\"2\"><strong>De\u011ferli M\u00fc\u015fterilerimiz ve K\u0131ymetli \u00c7\u00f6z\u00fcm Ortaklar\u0131m\u0131z,<\/strong><\/p>\n<p data-path-to-node=\"3\">Crocist G\u00fcne\u015f ve G\u00f6lge Kontrol Sistemleri olarak, temelini sa\u011flam de\u011ferler \u00fczerine in\u015fa etti\u011fimiz yolculu\u011fumuzda <b data-path-to-node=\"3\" data-index-in-node=\"113\">3 ku\u015fakl\u0131k k\u00f6kl\u00fc bir miras\u0131<\/b> ve <b data-path-to-node=\"3\" data-index-in-node=\"144\">20 y\u0131ll\u0131k sekt\u00f6r tecr\u00fcbesini<\/b> gururla ta\u015f\u0131yoruz. Aileden ald\u0131\u011f\u0131m\u0131z ve nesilden nesile aktar\u0131lan bu birikim, bizim i\u00e7in sadece bir i\u015f yap\u0131\u015f \u015fekli de\u011fil; ayn\u0131 zamanda kaliteye, yenili\u011fe ve ko\u015fulsuz m\u00fc\u015fteri memnuniyetine duydu\u011fumuz tutkunun bir yans\u0131mas\u0131d\u0131r.<\/p>\n<p data-path-to-node=\"4\">Ge\u00e7mi\u015ften ald\u0131\u011f\u0131m\u0131z zanaat k\u00fclt\u00fcr\u00fcn\u00fc g\u00fcn\u00fcm\u00fcz\u00fcn modern otomasyon teknolojileriyle harmanlayarak, ya\u015fam alanlar\u0131n\u0131z\u0131 d\u00f6rt mevsim keyifle kullanabilece\u011finiz konforlu, g\u00fcvenli ve estetik mekanlara d\u00f6n\u00fc\u015ft\u00fcr\u00fcyoruz. \u00c7eyrek asra yakla\u015fan bu yolculu\u011fumuzda, her projenin kendine has ruhunu yans\u0131tan yenilik\u00e7i sistemlerimizle sekt\u00f6rde fark yaratmaya devam ediyoruz:<\/p>\n<ul data-path-to-node=\"5\">\n<li>\n<p data-path-to-node=\"5,0,0\"><b data-path-to-node=\"5,0,0\" data-index-in-node=\"0\">Panjur ve Kepenk Sistemleri:<\/b> Evinizin ve i\u015fletmelerinizin g\u00fcvenli\u011fini en \u00fcst d\u00fczeye \u00e7\u0131kar\u0131rken, \u00fcst\u00fcn \u0131s\u0131 ve ses yal\u0131t\u0131m\u0131yla ya\u015fam kalitenizi art\u0131r\u0131yoruz.<\/p>\n<\/li>\n<li>\n<p data-path-to-node=\"5,1,0\"><b data-path-to-node=\"5,1,0\" data-index-in-node=\"0\">Zip Perde:<\/b> D\u0131\u015f mekanlar\u0131n\u0131z\u0131 r\u00fczgar, sert g\u00fcne\u015f \u0131\u015f\u0131nlar\u0131 ve ya\u011fmur gibi d\u0131\u015f etkenlerden koruyan, estetik ve y\u00fcksek dayan\u0131ml\u0131 g\u00f6lgelendirme \u00e7\u00f6z\u00fcmleri sunuyoruz.<\/p>\n<\/li>\n<li>\n<p data-path-to-node=\"5,2,0\"><b data-path-to-node=\"5,2,0\" data-index-in-node=\"0\">Bioklimatik Pergola:<\/b> Her t\u00fcrl\u00fc hava ko\u015fulunda a\u00e7\u0131k havan\u0131n tad\u0131n\u0131 \u00e7\u0131karman\u0131z\u0131 sa\u011flayan, kendi do\u011fal havaland\u0131rmas\u0131n\u0131 yapan ak\u0131ll\u0131 al\u00fcminyum tavan sistemleriyle d\u0131\u015f mekanlar\u0131n\u0131za de\u011fer kat\u0131yoruz.<\/p>\n<\/li>\n<li>\n<p data-path-to-node=\"5,3,0\"><b data-path-to-node=\"5,3,0\" data-index-in-node=\"0\">S\u00fcrme Sistem Cam Balkon:<\/b> Manzaran\u0131z\u0131 hi\u00e7bir \u015fekilde b\u00f6lmeden, i\u00e7 ve d\u0131\u015f mekanlar aras\u0131nda kesintisiz, zarif ve son derece kullan\u0131\u015fl\u0131 ge\u00e7i\u015fler yarat\u0131yoruz.<\/p>\n<\/li>\n<li>\n<p data-path-to-node=\"5,4,0\"><b data-path-to-node=\"5,4,0\" data-index-in-node=\"0\">Giyotin Sistemi:<\/b> Uzaktan kumandal\u0131 motorlu yap\u0131s\u0131yla maksimum kullan\u0131m kolayl\u0131\u011f\u0131 sunan, mekanlara modern ve panoramik bir mimari dokunu\u015f katan dikey a\u00e7\u0131l\u0131r cam sistemlerini sizlerle bulu\u015fturuyoruz.<\/p>\n<\/li>\n<\/ul>\n<p data-path-to-node=\"6\">Crocist ailesi olarak, y\u0131llar\u0131n getirdi\u011fi ustal\u0131\u011f\u0131 m\u00fchendislik vizyonuyla bulu\u015ftururken en b\u00fcy\u00fck motivasyonumuz, sizlerin bize duydu\u011fu g\u00fcven olmu\u015ftur. Hayalinizdeki o konforlu alan\u0131 tasarlarken &#8220;g\u00f6lgenin ve g\u00fcne\u015fin kontrol\u00fcn\u00fc&#8221; tamamen size b\u0131rak\u0131yoruz.<\/p>\n<p data-path-to-node=\"7\">Bizi bug\u00fcnlere ta\u015f\u0131yan bu k\u00f6kl\u00fc hikayede yan\u0131m\u0131zda olan herkese te\u015fekk\u00fcr eder, gelece\u011fin konforunu bug\u00fcnden ya\u015fatacak yeni projelerde bulu\u015fmay\u0131 dilerim.<\/p>\n<p data-path-to-node=\"8\">Sayg\u0131lar\u0131mla,<\/p>\n<p data-path-to-node=\"8\">Fatih \u015e\u0130M\u015eEK &#8211; CEO<\/p>\n<p>\n<\/div><div class=\"bt_bb_separator bt_bb_border_style_none bt_bb_bottom_spacing_35\" data-bt-override-class=\"null\"><\/div><div class=\" bt_bb_row_inner\"   data-bt-override-class=\"{}\"><div class=\"bt_bb_row_inner_holder\"  ><div  class=\"bt_bb_column_inner col-xxl-6 col-xl-6 bt_bb_vertical_align_middle bt_bb_align_left bt_bb_padding_normal\"  data-width=\"6\" data-bt-override-class=\"{}\"><div class=\"bt_bb_column_inner_content\"><div class=\"bt_bb_column_inner_content_inner\"><div data-bb-version=\"5.7.0\" class=\"bt_bb_icon btIcoPinterest bt_bb_style_outline bt_bb_size_xsmall bt_bb_shape_round bt_bb_target_self bt_bb_text_empty bt_bb_align_inherit\" data-bt-override-class=\"{&quot;bt_bb_size_&quot;:{&quot;current_class&quot;:&quot;bt_bb_size_xsmall&quot;,&quot;def&quot;:&quot;xsmall&quot;},&quot;bt_bb_align_&quot;:{&quot;current_class&quot;:&quot;bt_bb_align_inherit&quot;,&quot;def&quot;:&quot;inherit&quot;},&quot;bt_bb_animation_&quot;:{&quot;current_class&quot;:&quot;bt_bb_animation_no_animation&quot;,&quot;def&quot;:&quot;no_animation&quot;}}\"><a href=\"#\"  target=\"_self\"   data-ico-fontawesome=\"&#xf16d;\" class=\"bt_bb_icon_holder\"><\/a><\/div><div data-bb-version=\"5.7.0\" class=\"bt_bb_icon btIcoFacebook bt_bb_style_outline bt_bb_size_xsmall bt_bb_shape_round bt_bb_target_self bt_bb_text_empty bt_bb_align_inherit\" data-bt-override-class=\"{&quot;bt_bb_size_&quot;:{&quot;current_class&quot;:&quot;bt_bb_size_xsmall&quot;,&quot;def&quot;:&quot;xsmall&quot;},&quot;bt_bb_align_&quot;:{&quot;current_class&quot;:&quot;bt_bb_align_inherit&quot;,&quot;def&quot;:&quot;inherit&quot;},&quot;bt_bb_animation_&quot;:{&quot;current_class&quot;:&quot;bt_bb_animation_no_animation&quot;,&quot;def&quot;:&quot;no_animation&quot;}}\"><a href=\"#\"  target=\"_self\"   data-ico-fontawesome=\"&#xf09a;\" class=\"bt_bb_icon_holder\"><\/a><\/div><div data-bb-version=\"5.7.0\" class=\"bt_bb_icon btIcoTwitter bt_bb_style_outline bt_bb_size_xsmall bt_bb_shape_round bt_bb_target_self bt_bb_text_empty bt_bb_align_inherit\" data-bt-override-class=\"{&quot;bt_bb_size_&quot;:{&quot;current_class&quot;:&quot;bt_bb_size_xsmall&quot;,&quot;def&quot;:&quot;xsmall&quot;},&quot;bt_bb_align_&quot;:{&quot;current_class&quot;:&quot;bt_bb_align_inherit&quot;,&quot;def&quot;:&quot;inherit&quot;},&quot;bt_bb_animation_&quot;:{&quot;current_class&quot;:&quot;bt_bb_animation_no_animation&quot;,&quot;def&quot;:&quot;no_animation&quot;}}\"><a href=\"#\"  target=\"_self\"   data-ico-fontawesome5brands=\"&#xe61b;\" class=\"bt_bb_icon_holder\"><\/a><\/div><div data-bb-version=\"5.7.0\" class=\"bt_bb_icon btIcoLinkedin bt_bb_style_outline bt_bb_size_xsmall bt_bb_shape_round bt_bb_target_self bt_bb_text_empty bt_bb_align_inherit\" data-bt-override-class=\"{&quot;bt_bb_size_&quot;:{&quot;current_class&quot;:&quot;bt_bb_size_xsmall&quot;,&quot;def&quot;:&quot;xsmall&quot;},&quot;bt_bb_align_&quot;:{&quot;current_class&quot;:&quot;bt_bb_align_inherit&quot;,&quot;def&quot;:&quot;inherit&quot;},&quot;bt_bb_animation_&quot;:{&quot;current_class&quot;:&quot;bt_bb_animation_no_animation&quot;,&quot;def&quot;:&quot;no_animation&quot;}}\"><a href=\"#\"  target=\"_self\"   data-ico-fontawesome5brands=\"&#xf0e1;\" class=\"bt_bb_icon_holder\"><\/a><\/div><div class=\"bt_bb_separator bt_bb_border_style_none bt_bb_bottom_spacing_30 bt_bb_hidden_md bt_bb_hidden_lg\" data-bt-override-class=\"null\"><\/div><\/div><\/div><\/div><div  class=\"bt_bb_column_inner col-xxl-6 col-xl-6 bt_bb_vertical_align_middle bt_bb_align_right bt_bb_padding_normal\"  data-width=\"6\" data-bt-override-class=\"{}\"><div class=\"bt_bb_column_inner_content\"><div class=\"bt_bb_column_inner_content_inner\"><\/div><\/div><\/div><\/div><\/div><div class=\"bt_bb_separator bt_bb_border_style_none bt_bb_bottom_spacing_medium bt_bb_hidden_md bt_bb_hidden_lg\" data-bt-override-class=\"null\"><\/div><\/div><\/div><\/div><div  class=\"bt_bb_column col-xxl-5 col-xl-5 bt_bb_vertical_align_top bt_bb_align_left bt_bb_padding_normal bt_bb_animation_fade_in zoom_out animate\" style=\"; --column-width:5;\" data-width=\"5\" data-bt-override-class=\"{}\"><div class=\"bt_bb_column_content\"><div class=\"bt_bb_column_content_inner\"><div data-bb-version=\"5.7.0\" class=\"bt_bb_image bt_bb_shape_hexagon-rounded bt_bb_align_inherit bt_bb_hover_style_simple bt_bb_content_display_always bt_bb_content_align_middle bt_bb_remove_padding_yes bt_bb_fill_background_color_full\" style=\"max-width: 650px;\" data-bt-override-class=\"{&quot;bt_bb_align_&quot;:{&quot;current_class&quot;:&quot;bt_bb_align_inherit&quot;,&quot;def&quot;:&quot;inherit&quot;}}\"><span><img src = \"https:\/\/www.hakanuslu.com.tr\/beta\/wp-content\/plugins\/bold-page-builder\/img\/blank.gif\" data-full_image_src=\"https:\/\/www.hakanuslu.com.tr\/beta\/wp-content\/uploads\/2026\/03\/fatih-simsek-ceo-crocist.png\" data-image_src=\"https:\/\/www.hakanuslu.com.tr\/beta\/wp-content\/uploads\/2026\/03\/fatih-simsek-ceo-crocist-1280x1280.png\" title=\"fatih-simsek-ceo-crocist\" alt=\"https:\/\/www.hakanuslu.com.tr\/beta\/wp-content\/uploads\/2026\/03\/fatih-simsek-ceo-crocist-1280x1280.png\" class=\"btLazyLoadImage\"><\/span><\/div><\/div><\/div><\/div><\/div><\/div><\/div><!-- cell_inner --><\/div><!-- cell --><\/div><!-- port --><div class=\"bt_bb_section_bottom_section_coverage_image\"><img decoding=\"async\" src=\"https:\/\/www.hakanuslu.com.tr\/beta\/wp-content\/uploads\/2020\/09\/white-curve-bottom-right-with-hexagon-wide.png\" alt=\"bt_bb_section_bottom_section_coverage_image\" \/><\/div><\/section><section data-bb-version=\"5.7.0\" id=\"bt_bb_section69fb1ff7dff0b\" class=\"bt_bb_section bt_bb_layout_boxed_1200 bt_bb_vertical_align_top bt_bb_top_spacing_100 bt_bb_bottom_spacing_100 bt_bb_negative_margin_none bt_bb_section_allow_content_outside bt_bb_hidden_xs bt_bb_hidden_ms bt_bb_hidden_sm bt_bb_hidden_md bt_bb_hidden_lg bt_bb_hidden_xl\"  data-bt-override-class=\"{&quot;bt_bb_top_spacing_&quot;:{&quot;current_class&quot;:&quot;bt_bb_top_spacing_100&quot;,&quot;def&quot;:&quot;100&quot;},&quot;bt_bb_bottom_spacing_&quot;:{&quot;current_class&quot;:&quot;bt_bb_bottom_spacing_100&quot;,&quot;def&quot;:&quot;100&quot;},&quot;bt_bb_negative_margin_&quot;:{&quot;current_class&quot;:&quot;bt_bb_negative_margin_none&quot;,&quot;def&quot;:&quot;none&quot;},&quot;bt_bb_animation_&quot;:{&quot;current_class&quot;:&quot;bt_bb_animation_no_animation&quot;,&quot;def&quot;:&quot;no_animation&quot;}}\"><div class=\"bt_bb_port\"><div class=\"bt_bb_cell\"><div class=\"bt_bb_cell_inner\"><div class=\"bt_bb_row \"  data-bt-override-class=\"{}\"><div class=\"bt_bb_row_holder\" ><div  class=\"bt_bb_column col-xxl-4 col-xl-4 btInnerRounded bt_bb_vertical_align_top bt_bb_align_left bt_bb_padding_text_indent\" style=\"; --column-width:4;\" data-width=\"4\" data-bt-override-class=\"{}\"><div class=\"bt_bb_column_content\" style=\"background-color:rgba(245, 245, 245, 1);\"><div class=\"bt_bb_column_content_inner\"><div class=\"bt_bb_image bt_bb_shape_square bt_bb_align_inherit bt_bb_hover_style_simple bt_bb_content_display_always bt_bb_content_align_middle bt_bb_remove_padding_yes bt_bb_fill_background_color_full\" data-bt-override-class=\"null\"><span><img src = \"https:\/\/www.hakanuslu.com.tr\/beta\/wp-content\/plugins\/bold-page-builder\/img\/blank.gif\" data-full_image_src=\"https:\/\/www.hakanuslu.com.tr\/beta\/wp-content\/uploads\/2020\/09\/post_17.jpg\" data-image_src=\"https:\/\/www.hakanuslu.com.tr\/beta\/wp-content\/uploads\/2020\/09\/post_17-1280x854.jpg\" alt=\"https:\/\/www.hakanuslu.com.tr\/beta\/wp-content\/uploads\/2020\/09\/post_17-1280x854.jpg\" class=\"btLazyLoadImage\"><\/span><\/div><div class=\"bt_bb_separator bt_bb_border_style_none bt_bb_bottom_spacing_normal\" data-bt-override-class=\"null\"><\/div><header class=\"bt_bb_headline bt_bb_font_weight_900 bt_bb_dash_none bt_bb_subheadline bt_bb_size_small bt_bb_align_inherit\" data-bt-override-class=\"{}\"><h3 class=\"bt_bb_headline_tag\"><span class=\"bt_bb_headline_content\"><span>Contact Thomas<\/span><\/span><\/h3><div class=\"bt_bb_headline_subheadline\">Distinctively exploit optimal alignments for intuitive bandwidth. Quickly coordinate e-business applications through revolutionary catalysts for change.<\/div><\/header><div class=\"bt_bb_separator bt_bb_border_style_none bt_bb_bottom_spacing_normal\" data-bt-override-class=\"null\"><\/div><div class=\"bt_bb_icon bt_bb_color_scheme_7 bt_bb_style_borderless bt_bb_size_small bt_bb_shape_circle bt_bb_target_self bt_bb_align_inherit\" style=\"; --primary-color:#004585; --secondary-color:#000000;\" data-bt-override-class=\"{}\"><span  data-ico-fontawesome5solid=\"&#xf3c5;\" class=\"bt_bb_icon_holder\"><span>2801 S 43rd St, Franklin, Milwaukee, WI 53219, USA<\/span><\/span><\/div><div class=\"bt_bb_separator bt_bb_border_style_none bt_bb_bottom_spacing_10\" data-bt-override-class=\"null\"><\/div><div class=\"bt_bb_icon bt_bb_color_scheme_7 bt_bb_style_borderless bt_bb_size_small bt_bb_shape_circle bt_bb_target_self bt_bb_align_inherit\" style=\"; --primary-color:#004585; --secondary-color:#000000;\" data-bt-override-class=\"{}\"><a href=\"tel:4142140362\"  target=\"_self\"  title=\"414-214-0362\"  data-ico-fontawesome5solid=\"&#xf095;\" class=\"bt_bb_icon_holder\"><span>414-214-0362<\/span><\/a><\/div><div class=\"bt_bb_separator bt_bb_border_style_none bt_bb_bottom_spacing_10\" data-bt-override-class=\"null\"><\/div><div class=\"bt_bb_icon bt_bb_color_scheme_7 bt_bb_style_borderless bt_bb_size_small bt_bb_shape_circle bt_bb_target_self bt_bb_align_inherit\" style=\"; --primary-color:#004585; --secondary-color:#000000;\" data-bt-override-class=\"{}\"><a href=\"mailto:info@konstrakt.com\"  target=\"_self\"  title=\"info@konstrakt.com\"  data-ico-fontawesome5solid=\"&#xf1d8;\" class=\"bt_bb_icon_holder\"><span>info@konstrakt.com<\/span><\/a><\/div><div class=\"bt_bb_separator bt_bb_border_style_none bt_bb_top_spacing_small bt_bb_bottom_spacing_normal\" data-bt-override-class=\"null\"><\/div><\/div><\/div><\/div><div  class=\"bt_bb_column col-xxl-8 col-xl-8 bt_bb_vertical_align_top bt_bb_align_left bt_bb_padding_normal\" style=\"; --column-width:8;\" data-width=\"8\" data-bt-override-class=\"{}\"><div class=\"bt_bb_column_content\"><div class=\"bt_bb_column_content_inner\"><div class=\"bt_bb_separator bt_bb_border_style_none bt_bb_bottom_spacing_medium bt_bb_hidden_md bt_bb_hidden_lg\" data-bt-override-class=\"null\"><\/div><div  class=\"bt_bb_text\" ><\/p>\n<blockquote>\n<p>Interactively procrastinate high-payoff content without backward-compatible data. Quickly cultivate optimal processes and tactical architectures.<\/p>\n<\/blockquote>\n<p>\n<\/div><div class=\"bt_bb_separator bt_bb_border_style_solid bt_bb_top_spacing_normal bt_bb_bottom_spacing_normal bt_bb_color_dark_transparent\" data-bt-override-class=\"null\"><\/div><div class=\" bt_bb_row_inner\"   data-bt-override-class=\"{}\"><div class=\"bt_bb_row_inner_holder\"  ><div  class=\"bt_bb_column_inner col-xxl-6 col-xl-6 bt_bb_vertical_align_top bt_bb_align_left bt_bb_padding_normal\"  data-width=\"6\" data-bt-override-class=\"{}\"><div class=\"bt_bb_column_inner_content\"><div class=\"bt_bb_column_inner_content_inner\"><div  class=\"bt_bb_text\" ><\/p>\n<p>\nProactively envisioned multimedia based expertise and cross-media growth strategies. Seamlessly visualize quality intellectual capital without superior collaboration and idea-sharing. Holistically pontificate installed base portals after maintainable products.<\/p>\n<p>Phosfluorescently engage worldwide methodologies with web-enabled technology. Interactively coordinate proactive e-commerce via process-centric &#8220;outside the box&#8221; thinking. Completely pursue scalable customer service through sustainable potentialities.<\/p>\n<p>Collaboratively administrate turnkey channels whereas virtual e-tailers. Objectively seize scalable metrics whereas proactive e-services.<\/p>\n<p>\n<\/div><div class=\"bt_bb_separator bt_bb_border_style_none bt_bb_bottom_spacing_normal bt_bb_hidden_md bt_bb_hidden_lg\" data-bt-override-class=\"null\"><\/div><\/div><\/div><\/div><div  class=\"bt_bb_column_inner col-xxl-6 col-xl-6 bt_bb_vertical_align_top bt_bb_align_left bt_bb_padding_normal\"  data-width=\"6\" data-bt-override-class=\"{}\"><div class=\"bt_bb_column_inner_content\"><div class=\"bt_bb_column_inner_content_inner\"><div  class=\"bt_bb_text\" ><\/p>\n<p>\nBring to the table win-win survival strategies to ensure proactive domination. At the end of the day, going forward, a new normal that has evolved from generation X is on the runway heading towards a streamlined cloud solution. User generated content in real-time will have multiple touchpoints for offshoring.<\/p>\n<p>Capitalize on low hanging fruit to identify a ballpark value added activity to beta test. Override the digital divide with additional clickthroughs from DevOps. Nanotechnology immersion along the information highway will close the loop on focusing solely on the bottom line.<\/p>\n<p>Podcasting operational change management inside of workflows to establish a framework.<\/p>\n<p>\n<\/div><div class=\"bt_bb_separator bt_bb_border_style_none bt_bb_bottom_spacing_medium bt_bb_hidden_md bt_bb_hidden_lg\" data-bt-override-class=\"null\"><\/div><\/div><\/div><\/div><\/div><\/div><\/div><\/div><\/div><\/div><\/div><\/div><!-- cell_inner --><\/div><!-- cell --><\/div><!-- port --><\/section><section data-bb-version=\"5.7.0\" id=\"bt_bb_section69fb1ff7e0d68\" class=\"bt_bb_section bt_bb_layout_boxed_1400 bt_bb_vertical_align_top bt_bb_top_spacing_small bt_bb_bottom_spacing_small bt_bb_negative_margin_none\"  data-bt-override-class=\"{&quot;bt_bb_top_spacing_&quot;:{&quot;current_class&quot;:&quot;bt_bb_top_spacing_small&quot;,&quot;def&quot;:&quot;small&quot;},&quot;bt_bb_bottom_spacing_&quot;:{&quot;current_class&quot;:&quot;bt_bb_bottom_spacing_small&quot;,&quot;def&quot;:&quot;small&quot;},&quot;bt_bb_negative_margin_&quot;:{&quot;current_class&quot;:&quot;bt_bb_negative_margin_none&quot;,&quot;def&quot;:&quot;none&quot;},&quot;bt_bb_animation_&quot;:{&quot;current_class&quot;:&quot;bt_bb_animation_no_animation&quot;,&quot;def&quot;:&quot;no_animation&quot;}}\"><div class=\"bt_bb_port\"><div class=\"bt_bb_cell\"><div class=\"bt_bb_cell_inner\"><div class=\"bt_bb_row \"  data-bt-override-class=\"{}\"><div class=\"bt_bb_row_holder\" ><div data-bb-version=\"5.7.0\"  class=\"bt_bb_column col-xxl-12 col-xl-12 col-xs-12 col-sm-12 col-md-12 col-lg-12 bt_bb_vertical_align_top bt_bb_align_left bt_bb_padding_normal\" style=\"; --column-width:12;\" data-width=\"12\" data-bt-override-class=\"{}\"><div class=\"bt_bb_column_content\"><div class=\"bt_bb_column_content_inner\"><\/div><\/div><\/div><\/div><\/div><\/div><!-- cell_inner --><\/div><!-- cell --><\/div><!-- port --><\/section><\/p>\n","protected":false},"excerpt":{"rendered":"<p>Globally incubate standards compliant channels before scalable benefits. Quickly disseminate superior deliverables whereas web-enabled applications. Quickly drive clicks-and-mortar catalysts for change before vertical architectures.<\/p>\n","protected":false},"author":1,"featured_media":0,"parent":125,"menu_order":0,"comment_status":"closed","ping_status":"closed","template":"","meta":{"footnotes":""},"class_list":["post-127","page","type-page","status-publish","hentry"],"_links":{"self":[{"href":"https:\/\/www.hakanuslu.com.tr\/beta\/wp-json\/wp\/v2\/pages\/127","targetHints":{"allow":["GET"]}}],"collection":[{"href":"https:\/\/www.hakanuslu.com.tr\/beta\/wp-json\/wp\/v2\/pages"}],"about":[{"href":"https:\/\/www.hakanuslu.com.tr\/beta\/wp-json\/wp\/v2\/types\/page"}],"author":[{"embeddable":true,"href":"https:\/\/www.hakanuslu.com.tr\/beta\/wp-json\/wp\/v2\/users\/1"}],"replies":[{"embeddable":true,"href":"https:\/\/www.hakanuslu.com.tr\/beta\/wp-json\/wp\/v2\/comments?post=127"}],"version-history":[{"count":23,"href":"https:\/\/www.hakanuslu.com.tr\/beta\/wp-json\/wp\/v2\/pages\/127\/revisions"}],"predecessor-version":[{"id":2150,"href":"https:\/\/www.hakanuslu.com.tr\/beta\/wp-json\/wp\/v2\/pages\/127\/revisions\/2150"}],"up":[{"embeddable":true,"href":"https:\/\/www.hakanuslu.com.tr\/beta\/wp-json\/wp\/v2\/pages\/125"}],"wp:attachment":[{"href":"https:\/\/www.hakanuslu.com.tr\/beta\/wp-json\/wp\/v2\/media?parent=127"}],"curies":[{"name":"wp","href":"https:\/\/api.w.org\/{rel}","templated":true}]}}