{"id":2284,"date":"2026-04-22T00:56:43","date_gmt":"2026-04-21T21:56:43","guid":{"rendered":"https:\/\/www.hakanuslu.com.tr\/beta\/?page_id=2284"},"modified":"2026-04-22T00:56:43","modified_gmt":"2026-04-21T21:56:43","slug":"kvkk-bilgilendirme","status":"publish","type":"page","link":"https:\/\/www.hakanuslu.com.tr\/beta\/kvkk-bilgilendirme\/","title":{"rendered":"KVKK Bilgilendirme"},"content":{"rendered":"<section data-bb-version=\"5.7.2\" id=\"bt_bb_section69fb16f6aab26\" class=\"bt_bb_section bt_bb_layout_boxed_1400 bt_bb_vertical_align_top bt_bb_top_spacing_large bt_bb_bottom_spacing_large bt_bb_negative_margin_none\"  data-bt-override-class=\"{&quot;bt_bb_top_spacing_&quot;:{&quot;current_class&quot;:&quot;bt_bb_top_spacing_large&quot;,&quot;def&quot;:&quot;large&quot;},&quot;bt_bb_bottom_spacing_&quot;:{&quot;current_class&quot;:&quot;bt_bb_bottom_spacing_large&quot;,&quot;def&quot;:&quot;large&quot;},&quot;bt_bb_negative_margin_&quot;:{&quot;current_class&quot;:&quot;bt_bb_negative_margin_none&quot;,&quot;def&quot;:&quot;none&quot;},&quot;bt_bb_animation_&quot;:{&quot;current_class&quot;:&quot;bt_bb_animation_no_animation&quot;,&quot;def&quot;:&quot;no_animation&quot;}}\"><div class=\"bt_bb_port\"><div class=\"bt_bb_cell\"><div class=\"bt_bb_cell_inner\"><div class=\"bt_bb_row \"  data-bt-override-class=\"{}\"><div class=\"bt_bb_row_holder\" ><div data-bb-version=\"5.7.2\"  class=\"bt_bb_column col-xxl-12 col-xl-12 col-xs-12 col-sm-12 col-md-12 col-lg-12 bt_bb_vertical_align_top bt_bb_align_left bt_bb_padding_normal\" style=\"; --column-width:12;\" data-width=\"12\" data-bt-override-class=\"{}\"><div class=\"bt_bb_column_content\"><div class=\"bt_bb_column_content_inner\"><div data-bb-version=\"5.7.2\"  class=\"bt_bb_text\" ><\/p>\n<header class=\"entry-header\">\n<header>\n<header class=\"entry-header\">\n<table width=\"1236\" data-path-to-node=\"5\">\n<thead>\n<tr>\n<td><strong>Ba\u015fl\u0131k<\/strong><\/td>\n<td><strong>A\u00e7\u0131klama<\/strong><\/td>\n<\/tr>\n<\/thead>\n<tbody>\n<tr>\n<td><span data-path-to-node=\"5,1,0,0\"><b data-path-to-node=\"5,1,0,0\" data-index-in-node=\"0\">Dok\u00fcman Ad\u0131:<\/b><\/span><\/td>\n<td>\n<p data-path-to-node=\"5,1,1,0\"><span data-path-to-node=\"5,1,1,0,1\"><span class=\"citation-55\">Ki\u015fisel Verilerin Korunmas\u0131 Politikas\u0131<\/span><\/span><\/p>\n<div class=\"source-inline-chip-container ng-star-inserted\">\u00a0<\/div>\n<p>\u00a0<\/p>\n<\/td>\n<\/tr>\n<tr>\n<td><span data-path-to-node=\"5,2,0,0\"><b data-path-to-node=\"5,2,0,0\" data-index-in-node=\"0\">Dok\u00fcman \u0130lgisi:<\/b><\/span><\/td>\n<td>\n<p data-path-to-node=\"5,2,1,0\"><span data-path-to-node=\"5,2,1,0,1\"><span class=\"citation-54\">Ki\u015fisel Verilerin Korunmas\u0131 Politikas\u0131n\u0131n amac\u0131, CROCIST OTOMAT\u0130K KAPI KEPENK PANJUR S\u0130STEMLER\u0130 SAN. VE T\u0130C.LTD.\u015eT\u0130.\u00a0<\/span><span class=\"citation-54\">\u00a0taraf\u0131ndan ki\u015fisel verilerin korunmas\u0131na y\u00f6nelik s\u00fcre\u00e7lerin planlanmas\u0131 ve bu konuya ili\u015fkin uygulanacak esaslar\u0131n belirlenmesidir.<\/span><\/span><\/p>\n<div class=\"source-inline-chip-container ng-star-inserted\">\u00a0<\/div>\n<p>\u00a0<\/p>\n<\/td>\n<\/tr>\n<tr>\n<td><span data-path-to-node=\"5,3,0,0\"><b data-path-to-node=\"5,3,0,0\" data-index-in-node=\"0\">Yay\u0131nlanma Tarihi:<\/b><\/span><\/td>\n<td><span data-path-to-node=\"5,3,1,0\">[22.04.2026]<\/span><\/td>\n<\/tr>\n<tr>\n<td><span data-path-to-node=\"5,4,0,0\"><b data-path-to-node=\"5,4,0,0\" data-index-in-node=\"0\">Versiyon No:<\/b><\/span><\/td>\n<td><span data-path-to-node=\"5,4,1,0\">1<\/span><\/td>\n<\/tr>\n<tr>\n<td><span data-path-to-node=\"5,5,0,0\"><b data-path-to-node=\"5,5,0,0\" data-index-in-node=\"0\">Referans \/ Gerek\u00e7e:<\/b><\/span><\/td>\n<td>\n<p data-path-to-node=\"5,5,1,0\"><span data-path-to-node=\"5,5,1,0,1\"><span class=\"citation-53\">6698 say\u0131l\u0131 Ki\u015fisel Verilerin Korunmas\u0131 Kanunu ve sair mevzuat<\/span><\/span><\/p>\n<div class=\"source-inline-chip-container ng-star-inserted\">\u00a0<\/div>\n<p>\u00a0<\/p>\n<\/td>\n<\/tr>\n<tr>\n<td><span data-path-to-node=\"5,6,0,0\"><b data-path-to-node=\"5,6,0,0\" data-index-in-node=\"0\">Onay Merci:<\/b><\/span><\/td>\n<td>\n<p data-path-to-node=\"5,6,1,1\"><strong><span class=\"citation-52\">CROCIST OTOMAT\u0130K KAPI KEPENK PANJUR S\u0130STEMLER\u0130 SAN. VE T\u0130C.LTD.\u015eT\u0130.\u00a0Y\u00f6netim Kurulu<\/span><\/strong><\/p>\n<div class=\"source-inline-chip-container ng-star-inserted\">\u00a0<\/div>\n<p>\u00a0<\/p>\n<\/td>\n<\/tr>\n<\/tbody>\n<\/table>\n<\/header>\n<h4 class=\"wp-block-heading\" data-path-to-node=\"7\"><b data-path-to-node=\"7\" data-index-in-node=\"0\">1. Ama\u00e7<\/b><\/h4>\n<p data-path-to-node=\"8\"><span data-path-to-node=\"8,1\"><span class=\"citation-51\">Her bireyin kendisi ile ilgili ki\u015fisel verilerin korunmas\u0131n\u0131 isteme hakk\u0131 Anayasa\u2019dan do\u011fan kutsal bir hakt\u0131r<\/span><\/span><span data-path-to-node=\"8,3\">. CROCIST OTOMAT\u0130K KAPI KEPENK PANJUR S\u0130STEMLER\u0130 SAN. VE T\u0130C.LTD.\u015eT\u0130.\u00a0 <\/span><span data-path-to-node=\"8,5\"><span class=\"citation-50\">olarak bu hakk\u0131n gereklerini yerine getirmeyi en de\u011ferli g\u00f6revlerimizden biri olarak kabul ediyoruz<\/span><\/span><span data-path-to-node=\"8,7\">. Bu nedenle ki\u015fisel verilerinizin hukuka uygun olarak i\u015flenmesine ve korunmas\u0131na \u00f6nem veriyoruz.<\/span><\/p>\n<p data-path-to-node=\"9\"><span data-path-to-node=\"9,1\"><span class=\"citation-49\">Kurumsal Ki\u015fisel Verilerin Korunmas\u0131 Politikas\u0131 da ki\u015fisel verilerin korunmas\u0131na verdi\u011fimiz \u00f6nemin bir sonucu olarak ki\u015fisel verileri i\u015flerken ve korurken temel ald\u0131\u011f\u0131m\u0131z ilkeleri ve uygulad\u0131\u011f\u0131m\u0131z prosed\u00fcrleri belirlemek amac\u0131yla haz\u0131rlanm\u0131\u015ft\u0131r<\/span><\/span><span data-path-to-node=\"9,3\">.<\/span><\/p>\n<h4 data-path-to-node=\"10\"><b data-path-to-node=\"10\" data-index-in-node=\"0\">2. Kapsam<\/b><\/h4>\n<p data-path-to-node=\"11\"><span data-path-to-node=\"11,1\"><span class=\"citation-48\">Politika, CROCIST OTOMAT\u0130K KAPI KEPENK PANJUR S\u0130STEMLER\u0130 SAN. VE T\u0130C.LTD.\u015eT\u0130.\u00a0<\/span><span class=\"citation-48\">\u2018nin y\u00f6netti\u011fi b\u00fct\u00fcn ki\u015fisel verilerin; tamamen veya k\u0131smen otomatik olan ya da herhangi bir veri kay\u0131t sisteminin par\u00e7as\u0131 olmak kayd\u0131yla otomatik olmayan yollarla elde edilmesi, kaydedilmesi, depolanmas\u0131, muhafaza edilmesi, de\u011fi\u015ftirilmesi, yeniden d\u00fczenlenmesi, a\u00e7\u0131klanmas\u0131, aktar\u0131lmas\u0131, devral\u0131nmas\u0131, elde edilebilir h\u00e2le getirilmesi, s\u0131n\u0131fland\u0131r\u0131lmas\u0131 ya da kullan\u0131lmas\u0131n\u0131n engellenmesi gibi veriler \u00fczerinde ger\u00e7ekle\u015ftirilen her t\u00fcrl\u00fc i\u015flemi kapsamaktad\u0131r<\/span><\/span><span data-path-to-node=\"11,3\">.<\/span><\/p>\n<p data-path-to-node=\"12\"><span data-path-to-node=\"12,0\">Politika; CROCIST OTOMAT\u0130K KAPI KEPENK PANJUR S\u0130STEMLER\u0130 SAN. VE T\u0130C.LTD.\u015eT\u0130.\u00a0<\/span><span data-path-to-node=\"12,2\"><span class=\"citation-47\">nin ortaklar\u0131n\u0131n, yetkililerinin, m\u00fc\u015fterilerinin, \u00e7al\u0131\u015fanlar\u0131n\u0131n, tedarik\u00e7i yetkililerinin ve \u00e7al\u0131\u015fanlar\u0131n\u0131n ve \u00fc\u00e7\u00fcnc\u00fc ki\u015filerin i\u015flenen t\u00fcm ki\u015fisel verilerine ili\u015fkindir<\/span><\/span><span data-path-to-node=\"12,4\">.<\/span><\/p>\n<p data-path-to-node=\"14\"><span data-path-to-node=\"14,0\"><span class=\"citation-46\">CROCIST OTOMAT\u0130K KAPI KEPENK PANJUR S\u0130STEMLER\u0130 SAN. VE T\u0130C.LTD.\u015eT\u0130.\u00a0 Politika\u2019y\u0131 mevzuata ve Ki\u015fisel Verileri Koruma Kurumu\u2019nun kararlar\u0131na uyum ve ki\u015fisel verilerin daha iyi korunmas\u0131 ama\u00e7lar\u0131yla de\u011fi\u015ftirebilir<\/span><\/span><span data-path-to-node=\"14,2\">.<\/span><\/p>\n<h4 data-path-to-node=\"15\"><b data-path-to-node=\"15\" data-index-in-node=\"0\">3. Tan\u0131mlar<\/b><\/h4>\n<ul data-path-to-node=\"17\">\n<li>\n<p data-path-to-node=\"17,0,0\"><b data-path-to-node=\"17,0,0\" data-index-in-node=\"0\">A\u00e7\u0131k R\u0131za:<\/b>\u00a0Belirli bir konuya ili\u015fkin, bilgilendirilmeye dayanan ve \u00f6zg\u00fcr iradeyle a\u00e7\u0131klanan r\u0131za.<\/p>\n<\/li>\n<li>\n<p data-path-to-node=\"17,1,0\"><b data-path-to-node=\"17,1,0\" data-index-in-node=\"0\">Anonim Hale Getirme:<\/b>\u00a0Ki\u015fisel verilerin, ba\u015fka verilerle e\u015fle\u015ftirilerek dahi hi\u00e7bir surette kimli\u011fi belirli veya belirlenebilir bir ger\u00e7ek ki\u015fiyle ili\u015fkilendirilemeyecek hale getirilmesi.<\/p>\n<\/li>\n<li>\n<p data-path-to-node=\"17,2,0\"><b data-path-to-node=\"17,2,0\" data-index-in-node=\"0\">\u0130lgili Ki\u015fi:<\/b>\u00a0Ki\u015fisel verisi i\u015flenen ger\u00e7ek ki\u015fi.<\/p>\n<\/li>\n<li>\n<p data-path-to-node=\"17,3,0\"><b data-path-to-node=\"17,3,0\" data-index-in-node=\"0\">Veri Sorumlusu:<\/b> Ki\u015fisel verilerin i\u015fleme ama\u00e7lar\u0131n\u0131 ve vas\u0131talar\u0131n\u0131 belirleyen, veri kay\u0131t sisteminin kurulmas\u0131nda ve y\u00f6netilmesinden sorumlu ger\u00e7ek veya t\u00fczel ki\u015fi (CROCIST OTOMAT\u0130K KAPI KEPENK PANJUR S\u0130STEMLER\u0130 SAN. VE T\u0130C.LTD.\u015eT\u0130.\u00a0).<\/p>\n<\/li>\n<li>\n<p data-path-to-node=\"17,4,1\"><span data-path-to-node=\"17,4,1,0\"><b data-path-to-node=\"17,4,1,0\" data-index-in-node=\"0\"><span class=\"citation-45\">Komisyon:<\/span><\/b> CROCIST OTOMAT\u0130K KAPI KEPENK PANJUR S\u0130STEMLER\u0130 SAN. VE T\u0130C.LTD.\u015eT\u0130.\u00a0 <span class=\"citation-45\">taraf\u0131ndan Politika\u2019y\u0131 ve ilgili di\u011fer prosed\u00fcrleri y\u00f6netmek ve Politika\u2019n\u0131n y\u00fcr\u00fcrl\u00fc\u011f\u00fcn\u00fc sa\u011flamak amac\u0131yla kurulan Ki\u015fisel Verileri Koruma Komisyonu<\/span><\/span><span data-path-to-node=\"17,4,1,2\">.<\/span><\/p>\n<p data-path-to-node=\"17,5,1\">\u00a0<\/p>\n<\/li>\n<\/ul>\n<h4 data-path-to-node=\"18\"><b data-path-to-node=\"18\" data-index-in-node=\"0\">4. Genel Nitelikler<\/b><\/h4>\n<p data-path-to-node=\"20\"><span data-path-to-node=\"20,0\"><span class=\"citation-43\">CROCIST OTOMAT\u0130K KAPI KEPENK PANJUR S\u0130STEMLER\u0130 SAN. VE T\u0130C.LTD.\u015eT\u0130.\u00a0her yeni ki\u015fisel veri i\u015flemeyi gerektiren i\u015f ak\u0131\u015f\u0131n\u0131n haz\u0131rl\u0131k a\u015famas\u0131nda i\u015flenecek verilerin a\u015fa\u011f\u0131daki ilkelere uygunlu\u011funu denetler<\/span><\/span><span data-path-to-node=\"20,2\">. Uygun bulunmayan i\u015f ak\u0131\u015flar\u0131 hayata ge\u00e7irilmez.<\/span><\/p>\n<p data-path-to-node=\"21\">CROCIST OTOMAT\u0130K KAPI KEPENK PANJUR S\u0130STEMLER\u0130 SAN. VE T\u0130C.LTD.\u015eT\u0130.\u00a0 ki\u015fisel verileri i\u015flerken;<\/p>\n<ul data-path-to-node=\"22\">\n<li>\n<p data-path-to-node=\"22,0,0\">Hukuka ve d\u00fcr\u00fcstl\u00fck kurallar\u0131na uyar.<\/p>\n<\/li>\n<li>\n<p data-path-to-node=\"22,0,0\">Ki\u015fisel verilerin do\u011fru ve gerekti\u011finde g\u00fcncel oldu\u011fundan emin olur.<\/p>\n<\/li>\n<li>\n<p data-path-to-node=\"22,2,0\">\u0130\u015fleme amac\u0131n\u0131n belirli, a\u00e7\u0131k ve me\u015fru olmas\u0131na dikkat eder.<\/p>\n<\/li>\n<li>\n<p data-path-to-node=\"22,3,0\">\u0130\u015flenen verinin i\u015flenme amac\u0131yla ba\u011flant\u0131l\u0131 oldu\u011funu, i\u015flenilmesi gerekti\u011fi kadar\u0131yla s\u0131n\u0131rl\u0131 i\u015flendi\u011fini ve \u00f6l\u00e7\u00fcl\u00fc oldu\u011funu kontrol eder.<\/p>\n<\/li>\n<li>\n<p data-path-to-node=\"22,4,0\"><span data-path-to-node=\"22,4,0,1\"><span class=\"citation-42\">Verileri ancak ilgili mevzuatta \u00f6ng\u00f6r\u00fclen veya i\u015flenme amac\u0131 i\u00e7in gerekli oldu\u011fu kadar muhafaza eder, i\u015flenme amac\u0131 ortadan kalkt\u0131\u011f\u0131nda imha eder\u00a0<\/span><\/span><span data-path-to-node=\"22,4,0,3\">.<\/span><\/p>\n<\/li>\n<\/ul>\n<h4 data-path-to-node=\"23\"><b data-path-to-node=\"23\" data-index-in-node=\"0\">5. G\u00f6rev ve Sorumluluklar<\/b><\/h4>\n<p data-path-to-node=\"25\"><span data-path-to-node=\"25,0\"><span class=\"citation-41\">CROCIST OTOMAT\u0130K KAPI KEPENK PANJUR S\u0130STEMLER\u0130 SAN. VE T\u0130C.LTD.\u015eT\u0130.\u00a0 b\u00fcnyesinde ki\u015fisel verilerin i\u015flenmesine ili\u015fkin i\u015fbu Politika\u2019y\u0131 ve ilgili di\u011fer prosed\u00fcrleri y\u00f6netmek ve Politika\u2019n\u0131n y\u00fcr\u00fcrl\u00fc\u011f\u00fcn\u00fc sa\u011flamak amac\u0131yla Ki\u015fisel Verilerin Korunmas\u0131 Komisyonu kurulmu\u015ftur<\/span><\/span><span data-path-to-node=\"25,2\">.<\/span><\/p>\n<p data-path-to-node=\"26\"><span data-path-to-node=\"26,0\">Komisyon\u2019u;\u00a0<\/span><span data-path-to-node=\"26,2\"><b data-path-to-node=\"26,2\" data-index-in-node=\"0\"><span class=\"citation-40\">Genel M\u00fcd\u00fcr, \u0130nsan Kaynaklar\u0131 Sorumlusu, Muhasebe Sorumlusu, Bilgi \u0130\u015flem Sorumlusu ve \u00dcretim M\u00fcd\u00fcr\u00fc<\/span><\/b><span class=\"citation-40\">\u00a0olu\u015fturmaktad\u0131r\u00a0<i>.<\/i><\/span><\/span><\/p>\n<p data-path-to-node=\"28\"><span data-path-to-node=\"28,0\"><span class=\"citation-39\">CROCIST OTOMAT\u0130K KAPI KEPENK PANJUR S\u0130STEMLER\u0130 SAN. VE T\u0130C.LTD.\u015eT\u0130.\u00a0bunun yan\u0131 s\u0131ra gerekti\u011finde 6698 say\u0131l\u0131 Ki\u015fisel Verilerin Korunmas\u0131 Kanunu\u2019na uyum sa\u011flamak amac\u0131yla KVKK dan\u0131\u015fmanl\u0131\u011f\u0131 deste\u011fi de almaktad\u0131r<\/span><\/span><span data-path-to-node=\"28,2\">. Komisyon gerek g\u00f6rmesi halinde toplant\u0131lar\u0131na KVKK dan\u0131\u015fman\u0131n\u0131 \u00e7a\u011f\u0131rabilir.<\/span><\/p>\n<p data-path-to-node=\"29\"><b data-path-to-node=\"29\" data-index-in-node=\"0\">Komisyon\u2019un g\u00f6revleri:<\/b><\/p>\n<ul data-path-to-node=\"30\">\n<li>\n<p data-path-to-node=\"30,0,0\">Ola\u011fan olarak 6 ayda bir toplan\u0131r (gerekti\u011finde ola\u011fan\u00fcst\u00fc toplan\u0131r).<\/p>\n<\/li>\n<li>\n<p data-path-to-node=\"30,1,0\">Politika\u2019da de\u011fi\u015fiklik gerektiren hususlar\u0131 tart\u0131\u015f\u0131r.<\/p>\n<\/li>\n<li>\n<p data-path-to-node=\"30,2,0\">\u015eirket i\u00e7i KVKK fark\u0131ndal\u0131\u011f\u0131n\u0131 art\u0131racak ad\u0131mlar\u0131 belirler.<\/p>\n<\/li>\n<li>\n<p data-path-to-node=\"30,3,0\">Riskleri tespit eder, idari ve teknik tedbirleri al\u0131r.<\/p>\n<\/li>\n<li>\n<p data-path-to-node=\"30,4,0\">Kurum (KVKK) ile irtibat\u0131 sa\u011flar.<\/p>\n<\/li>\n<li>\n<p data-path-to-node=\"30,5,0\"><span data-path-to-node=\"30,5,0,1\"><span class=\"citation-38\">\u0130lgili Ki\u015fi\u2019den gelen talepleri de\u011ferlendirir ve Veri Envanteri\u2019ni g\u00fcnceller\u00a0<\/span><\/span><span data-path-to-node=\"30,5,0,3\">.<\/span><\/p>\n<\/li>\n<\/ul>\n<h4 data-path-to-node=\"31\"><b data-path-to-node=\"31\" data-index-in-node=\"0\">6. Veri G\u00fcvenli\u011fi \u0130\u00e7in Al\u0131nan Tedbirler<\/b><\/h4>\n<p data-path-to-node=\"33\"><span data-path-to-node=\"33,0\"><span class=\"citation-37\">CROCIST OTOMAT\u0130K KAPI KEPENK PANJUR S\u0130STEMLER\u0130 SAN. VE T\u0130C.LTD.\u015eT\u0130.\u00a0 ki\u015fisel verilerin hukuka ayk\u0131r\u0131 i\u015flenmesini ve eri\u015filmesini \u00f6nlemek amac\u0131yla gerekli her t\u00fcrl\u00fc teknik ve idari tedbiri al\u0131r<\/span><\/span><span data-path-to-node=\"33,2\">.<\/span><\/p>\n<h4 data-path-to-node=\"34\"><b data-path-to-node=\"34\" data-index-in-node=\"0\">6.1. Teknik Tedbirler<\/b><\/h4>\n<ul data-path-to-node=\"35\">\n<li>\n<p data-path-to-node=\"35,0,0\">A\u011f ve uygulama g\u00fcvenli\u011fi sa\u011flanmakta, g\u00fcvenlik duvarlar\u0131 kullan\u0131lmaktad\u0131r.<\/p>\n<\/li>\n<li>\n<p data-path-to-node=\"35,1,0\">G\u00fcncel anti-vir\u00fcs sistemleri ve sald\u0131r\u0131 tespit sistemleri kullan\u0131lmaktad\u0131r.<\/p>\n<\/li>\n<li>\n<p data-path-to-node=\"35,2,0\">Eri\u015fim loglar\u0131 d\u00fczenli tutulmakta, veriler yedeklenmektedir.<\/p>\n<\/li>\n<li>\n<p data-path-to-node=\"35,3,0\"><span data-path-to-node=\"35,3,0,1\"><span class=\"citation-36\">Kullan\u0131c\u0131 hesap y\u00f6netimi ve yetki kontrol\u00fc yap\u0131lmaktad\u0131r\u00a0<\/span><\/span><span data-path-to-node=\"35,3,0,3\">.<\/span><\/p>\n<\/li>\n<\/ul>\n<h4 data-path-to-node=\"36\"><b data-path-to-node=\"36\" data-index-in-node=\"0\">6.2. \u0130dari Tedbirler<\/b><\/h4>\n<ul data-path-to-node=\"37\">\n<li>\n<p data-path-to-node=\"37,0,0\">\u00c7al\u0131\u015fanlar i\u00e7in veri g\u00fcvenli\u011fi e\u011fitimleri verilmekte ve disiplin d\u00fczenlemeleri mevcuttur.<\/p>\n<\/li>\n<li>\n<p data-path-to-node=\"37,1,0\">Gizlilik taahh\u00fctnameleri imzalanmakta, yetki matrisleri olu\u015fturulmaktad\u0131r.<\/p>\n<\/li>\n<li>\n<p data-path-to-node=\"37,2,0\">G\u00f6rev de\u011fi\u015fikli\u011fi olan \u00e7al\u0131\u015fanlar\u0131n yetkileri derhal kald\u0131r\u0131lmaktad\u0131r.<\/p>\n<\/li>\n<li>\n<p data-path-to-node=\"37,3,0\">\u0130mzalanan s\u00f6zle\u015fmeler veri g\u00fcvenli\u011fi h\u00fck\u00fcmleri i\u00e7ermektedir.<\/p>\n<\/li>\n<li>\n<p data-path-to-node=\"37,4,0\"><span data-path-to-node=\"37,4,0,1\"><span class=\"citation-35\">Periyodik kurum i\u00e7i denetimler yap\u0131lmaktad\u0131r\u00a0<\/span><\/span><span data-path-to-node=\"37,4,0,3\">.<\/span><\/p>\n<\/li>\n<\/ul>\n<h4 data-path-to-node=\"38\"><b data-path-to-node=\"38\" data-index-in-node=\"0\">7. \u0130lgili Ki\u015finin Ki\u015fisel Verilerle \u0130lgili Haklar\u0131<\/b><\/h4>\n<p data-path-to-node=\"39\"><span data-path-to-node=\"39,1\"><span class=\"citation-34\">\u0130lgili ki\u015fi, CROCIST OTOMAT\u0130K KAPI KEPENK PANJUR S\u0130STEMLER\u0130 SAN. VE T\u0130C.LTD.\u015eT\u0130.\u00a0<\/span><span class=\"citation-34\">\u2018ye ba\u015fvurarak a\u015fa\u011f\u0131da yer alan konularda talepte bulunabilir<\/span><\/span><span data-path-to-node=\"39,3\">:<\/span><\/p>\n<ul data-path-to-node=\"40\">\n<li>\n<p data-path-to-node=\"40,0,0\">Ki\u015fisel verilerinin i\u015flenip i\u015flenmedi\u011fini \u00f6\u011frenme,<\/p>\n<\/li>\n<li>\n<p data-path-to-node=\"40,1,0\">Ki\u015fisel verileri i\u015flenmi\u015fse buna ili\u015fkin bilgi talep etme,<\/p>\n<\/li>\n<li>\n<p data-path-to-node=\"40,2,0\">\u0130\u015flenme amac\u0131n\u0131 ve amac\u0131na uygun kullan\u0131l\u0131p kullan\u0131lmad\u0131\u011f\u0131n\u0131 \u00f6\u011frenme,<\/p>\n<\/li>\n<li>\n<p data-path-to-node=\"40,3,0\">Yurt i\u00e7inde veya yurt d\u0131\u015f\u0131nda aktar\u0131ld\u0131\u011f\u0131 \u00fc\u00e7\u00fcnc\u00fc ki\u015fileri \u00f6\u011frenme,<\/p>\n<\/li>\n<li>\n<p data-path-to-node=\"40,4,0\">Eksik veya yanl\u0131\u015f i\u015flenme durumunda d\u00fczeltilmesini isteme,<\/p>\n<\/li>\n<li>\n<p data-path-to-node=\"40,5,0\">\u015eartlar\u0131n olu\u015fmas\u0131 halinde silinmesini, yok edilmesini veya anonim hale getirilmesini isteme,<\/p>\n<\/li>\n<li>\n<p data-path-to-node=\"40,6,0\"><span data-path-to-node=\"40,6,0,1\"><span class=\"citation-33\">Aleyhine \u00e7\u0131kan bir sonuca itiraz etme ve zarara u\u011framas\u0131 halinde zarar\u0131n giderilmesini talep etme\u00a0<\/span><\/span><span data-path-to-node=\"40,6,0,3\">.<\/span><\/p>\n<\/li>\n<\/ul>\n<h4 data-path-to-node=\"41\"><b data-path-to-node=\"41\" data-index-in-node=\"0\">8. \u0130hlal Bildirimleri<\/b><\/h4>\n<p data-path-to-node=\"43\"><span data-path-to-node=\"43,0\"><span class=\"citation-32\">CROCIST OTOMAT\u0130K KAPI KEPENK PANJUR S\u0130STEMLER\u0130 SAN. VE T\u0130C.LTD.\u015eT\u0130.\u00a0 \u00e7al\u0131\u015fanlar\u0131, KVKK ihlali oldu\u011funu d\u00fc\u015f\u00fcnd\u00fc\u011f\u00fc durumlar\u0131 Komisyon\u2019a raporlar<\/span><\/span><span data-path-to-node=\"43,2\">. Komisyon gerekli g\u00f6r\u00fcrse toplan\u0131r ve eylem plan\u0131 olu\u015fturur.\u00a0<\/span><span data-path-to-node=\"43,4\"><span class=\"citation-31\">\u0130hlal yasal olmayan yollarla verilere eri\u015filmesi \u015feklindeyse, durum 72 saat i\u00e7erisinde Kurul\u2019a ve ilgilisine bildirilir<\/span><\/span><span data-path-to-node=\"43,6\">.<\/span><\/p>\n<h4 data-path-to-node=\"44\"><b data-path-to-node=\"44\" data-index-in-node=\"0\">9. De\u011fi\u015fiklikler<\/b><\/h4>\n<p data-path-to-node=\"45\"><span data-path-to-node=\"45,1\"><span class=\"citation-30\">Politika \u00fczerindeki de\u011fi\u015fiklikler Komisyon taraf\u0131ndan haz\u0131rlan\u0131r ve CROCIST OTOMAT\u0130K KAPI KEPENK PANJUR S\u0130STEMLER\u0130 SAN. VE T\u0130C.LTD.\u015eT\u0130.\u00a0<\/span><span class=\"citation-30\">\u00a0Y\u00f6netim Kurulu\u2019nun onay\u0131na sunulur<\/span><\/span><span data-path-to-node=\"45,3\">.\u00a0<\/span><span data-path-to-node=\"45,5\"><span class=\"citation-29\">G\u00fcncellenen Politika \u00e7al\u0131\u015fanlara duyurulur veya internet sitesinde yay\u0131nlan\u0131r<\/span><\/span><span data-path-to-node=\"45,7\">.<\/span><\/p>\n<h4 data-path-to-node=\"46\"><b data-path-to-node=\"46\" data-index-in-node=\"0\">10. Y\u00fcr\u00fcrl\u00fcl\u00fck Tarihi<\/b><\/h4>\n<p data-path-to-node=\"47\"><span data-path-to-node=\"47,1\"><span class=\"citation-28\">Politika\u2019n\u0131n i\u015fbu versiyonu\u00a0<\/span><b data-path-to-node=\"47,1\" data-index-in-node=\"28\"><span class=\"citation-28\">[22.04.2026]<\/span><\/b><span class=\"citation-28\">\u00a0tarihinde Y\u00f6netim Kurulu taraf\u0131ndan onaylanarak y\u00fcr\u00fcrl\u00fc\u011fe girmi\u015ftir<\/span><\/span><span data-path-to-node=\"47,3\">.<\/span><\/p>\n<\/header>\n<\/header>\n<p>\n<\/div><\/div><\/div><\/div><\/div><\/div><div data-bb-version=\"5.7.2\" class=\"bt_bb_row \"  data-bt-override-class=\"{}\"><div class=\"bt_bb_row_holder\" ><div data-bb-version=\"5.7.2\"  class=\"bt_bb_column col-xxl-12 col-xl-12 col-xs-12 col-sm-12 col-md-12 col-lg-12 bt_bb_vertical_align_top bt_bb_align_left bt_bb_padding_normal\" style=\"; --column-width:12;\" data-width=\"12\" data-bt-override-class=\"{}\"><div class=\"bt_bb_column_content\"><div class=\"bt_bb_column_content_inner\"><\/div><\/div><\/div><\/div><\/div><\/div><!-- cell_inner --><\/div><!-- cell --><\/div><!-- port --><\/section>\n","protected":false},"excerpt":{"rendered":"","protected":false},"author":1,"featured_media":0,"parent":0,"menu_order":0,"comment_status":"closed","ping_status":"closed","template":"","meta":{"footnotes":""},"class_list":["post-2284","page","type-page","status-publish","hentry"],"_links":{"self":[{"href":"https:\/\/www.hakanuslu.com.tr\/beta\/wp-json\/wp\/v2\/pages\/2284","targetHints":{"allow":["GET"]}}],"collection":[{"href":"https:\/\/www.hakanuslu.com.tr\/beta\/wp-json\/wp\/v2\/pages"}],"about":[{"href":"https:\/\/www.hakanuslu.com.tr\/beta\/wp-json\/wp\/v2\/types\/page"}],"author":[{"embeddable":true,"href":"https:\/\/www.hakanuslu.com.tr\/beta\/wp-json\/wp\/v2\/users\/1"}],"replies":[{"embeddable":true,"href":"https:\/\/www.hakanuslu.com.tr\/beta\/wp-json\/wp\/v2\/comments?post=2284"}],"version-history":[{"count":1,"href":"https:\/\/www.hakanuslu.com.tr\/beta\/wp-json\/wp\/v2\/pages\/2284\/revisions"}],"predecessor-version":[{"id":2285,"href":"https:\/\/www.hakanuslu.com.tr\/beta\/wp-json\/wp\/v2\/pages\/2284\/revisions\/2285"}],"wp:attachment":[{"href":"https:\/\/www.hakanuslu.com.tr\/beta\/wp-json\/wp\/v2\/media?parent=2284"}],"curies":[{"name":"wp","href":"https:\/\/api.w.org\/{rel}","templated":true}]}}